{"id":355,"date":"2021-03-14T18:18:15","date_gmt":"2021-03-14T22:18:15","guid":{"rendered":"http:\/\/www.redilegra.com\/?page_id=355"},"modified":"2021-03-15T15:18:06","modified_gmt":"2021-03-15T19:18:06","slug":"anexo-articulo-entonces-como-lo-describo-modelo-retorico-discursivo-del-genero-informe-de-proyecto-en-espanol-una-aproximacion-a-la-escritura-academica-en-ingenieria-civil-revista-delta-20","status":"publish","type":"page","link":"http:\/\/www.redilegra.com\/index.php\/anexo-articulo-entonces-como-lo-describo-modelo-retorico-discursivo-del-genero-informe-de-proyecto-en-espanol-una-aproximacion-a-la-escritura-academica-en-ingenieria-civil-revista-delta-20\/","title":{"rendered":"Anexo Art\u00edculo &#8220;ENTONCES \u00bfC\u00d3MO LO DESCRIBO? MODELO RET\u00d3RICO DISCURSIVO DEL G\u00c9NERO INFORME DE PROYECTO EN ESPA\u00d1OL: UNA APROXIMACI\u00d3N A LA ESCRITURA ACAD\u00c9MICA EN INGENIER\u00cdA CIVIL&#8221; Revista Delta 2021 (en evaluaci\u00f3n)"},"content":{"rendered":"\n<p><\/p>\n\n\n\n<div class=\"wp-block-file\"><a href=\"http:\/\/www.redilegra.com\/wp-content\/uploads\/2021\/03\/Mesomodelo_IPRO.pdf\">Mesomodelo_IPRO<\/a><a href=\"http:\/\/www.redilegra.com\/wp-content\/uploads\/2021\/03\/Mesomodelo_IPRO.pdf\" class=\"wp-block-file__button\" download>Download<\/a><\/div>\n\n\n\n<p><\/p>\n\n\n\n<p class=\"has-small-font-size\"><\/p>\n","protected":false},"excerpt":{"rendered":"","protected":false},"author":2,"featured_media":0,"parent":0,"menu_order":0,"comment_status":"closed","ping_status":"closed","template":"","meta":[],"_links":{"self":[{"href":"http:\/\/www.redilegra.com\/index.php\/wp-json\/wp\/v2\/pages\/355"}],"collection":[{"href":"http:\/\/www.redilegra.com\/index.php\/wp-json\/wp\/v2\/pages"}],"about":[{"href":"http:\/\/www.redilegra.com\/index.php\/wp-json\/wp\/v2\/types\/page"}],"author":[{"embeddable":true,"href":"http:\/\/www.redilegra.com\/index.php\/wp-json\/wp\/v2\/users\/2"}],"replies":[{"embeddable":true,"href":"http:\/\/www.redilegra.com\/index.php\/wp-json\/wp\/v2\/comments?post=355"}],"version-history":[{"count":3,"href":"http:\/\/www.redilegra.com\/index.php\/wp-json\/wp\/v2\/pages\/355\/revisions"}],"predecessor-version":[{"id":360,"href":"http:\/\/www.redilegra.com\/index.php\/wp-json\/wp\/v2\/pages\/355\/revisions\/360"}],"wp:attachment":[{"href":"http:\/\/www.redilegra.com\/index.php\/wp-json\/wp\/v2\/media?parent=355"}],"curies":[{"name":"wp","href":"https:\/\/api.w.org\/{rel}","templated":true}]}}