{"id":199,"date":"2018-04-26T16:44:31","date_gmt":"2018-04-26T20:44:31","guid":{"rendered":"http:\/\/www.redilegra.com\/?page_id=199"},"modified":"2021-10-22T10:31:17","modified_gmt":"2021-10-22T14:31:17","slug":"quienes-somos-who-we-are","status":"publish","type":"page","link":"http:\/\/www.redilegra.com\/index.php\/quienes-somos-who-we-are\/","title":{"rendered":"Qui\u00e9nes somos? \/ Who we are?"},"content":{"rendered":"<p>El grupo REDILEGRA (Rhetorical-discursive and lexical-grammar analysis group) de la Pontificia Universidad Cat\u00f3lica de Valpara\u00edso, fundado en 2016,\u00a0 es un equipo multidisciplinar de investigaci\u00f3n e innovaci\u00f3n, conformado por acad\u00e9micos y estudiantes de pre y postgrado. El objetivo de Redilegra es ayudar a los escritores a cumplir exitosamente con los requerimientos discursivos y ling\u00fc\u00edsticos de los g\u00e9neros acad\u00e9micos y cient\u00edficos, a trav\u00e9s de investigaciones emp\u00edricas. Para lograr este prop\u00f3sito, utilizamos los aproximaciones funcionales, sociocognitivas y aplicadas de los estudios del discurso, combin\u00e1ndolas con el An\u00e1lisis de Corpus, la Ling\u00fc\u00edstica Computacional, T\u00e9cnicas Psicoling\u00fc\u00edsticas, el Procesamiento del Lenguaje Natural y Pedagog\u00eda basada en el g\u00e9nero.<\/p>\n<p>Colaboramos con profesionales y expertos en diversas tem\u00e1ticas para identificar y comprender los prop\u00f3sitos comunicativos y los rasgos l\u00e9xico-gramaticales que configuran los g\u00e9neros escritos en diversas disciplinas cient\u00edficas.<\/p>\n<p>Nuestras l\u00edneas de investigaci\u00f3n son:<\/p>\n<ul>\n<li>An\u00e1lisis de g\u00e9neros acad\u00e9micos y profesionales<\/li>\n<li>Estudio emp\u00edrico de los procesos de producci\u00f3n\u00a0escrita del discurso<\/li>\n<li>Estudio emp\u00edrico de los procesos de comprensi\u00f3n a partir de g\u00e9neros escritos<\/li>\n<li>Procesos de aprendizaje basado en g\u00e9neros<\/li>\n<li>Recuperaci\u00f3n de informaci\u00f3n y clasificaci\u00f3n de textos y g\u00e9neros<\/li>\n<li>Resumen automatizado de textos<\/li>\n<li>An\u00e1lisis automatizado del discurso acad\u00e9mico, cient\u00edfico y profesional<\/li>\n<li>Desarrollo de herramientas de an\u00e1lisis textual y discursivo<\/li>\n<li>An\u00e1lisis computacional de relaciones sem\u00e1nticas<\/li>\n<li>Identificaci\u00f3n de similitudes textuales<\/li>\n<li>Inteligencia Artificial aplicada a la educaci\u00f3n<\/li>\n<\/ul>\n<p>Actualmente, estamos desarrollando una herramienta de apoyo a los estudiantes en la escritura de art\u00edculos de investigaci\u00f3n, las tesis e informes. Colaboramos con distintas organizaciones acad\u00e9micas y privads, as\u00ed por ejemplo, con la <a href=\"http:\/\/www.inf.ucv.cl\/\">Escuela de Inform\u00e1tica PUCV<\/a> y la empresa <a href=\"http:\/\/biopub.cl\">BioPub<\/a>, en un software basado en aprendizaje profundo, m\u00e1quinas de aprendizaje e inteligencia artificial. As\u00ed <a href=\"https:\/\/web.writewise.io\/es\/\">WriteWise<\/a> tiene por objetivo sugerir mejoras en la escritura de art\u00edculos cient\u00edficos a investigadores del \u00e1rea de las Ciencias de la Vida. Tambi\u00e9n estamos colaboramos con la <a href=\"https:\/\/www.pucv.cl\/uuaa\/site\/edic\/base\/port\/escuela_de_ingenieria_electrica.html\">Escuela de Ingenier\u00eda El\u00e9ctrica en la PUCV <\/a>\u00a0en el desarrollo de una herramienta para el apoyo en la escritura de informes <a href=\"http:\/\/www.redilegra.com\/Frontend\/#\/\">THOT<\/a><\/p>\n<p>&#8212;&#8212;-<\/p>\n<p>REDILEGRA (Rhetorical-discursive and lexical-grammar analysis) Group at the Pontificia Universidad Cat\u00f3lica de Valpara\u00edso is a research and innovation multidisciplinary team of faculty members, postgraduate, and undergraduate students. The primary purpose of REDILEGRA is to help writers to successfully accomplish the discursive and linguistics requirements of the academic and scientific genres, through empirical-based research. In order to achieve the aforementioned, we use functional, sociocognitive, and applied discursive frameworks combined with Corpus analysis, Computational Linguistics, Psicholinguistics Techniques, Natural Language Processing, and Genre-based Pedagogy approaches.<\/p>\n<p>We collaborate with professionals and domain experts to identify and comprehend the communicative purposes and the lexical-grammar features that constitute a written genre in a scientific discipline. Our work ranges from the textual and discursive analysis to the development of a software and writing guidelines.<\/p>\n<p>Our research topics are:<\/p>\n<ul>\n<li>Academic and professional genre analysis<\/li>\n<li>Empiric studies of the written discourse processes<\/li>\n<li>Empiric studies of the comprehension processes of written genres<\/li>\n<li>Genre-based learning processes<\/li>\n<li>Information retrieval and classification\u00a0of texts and discourse genres<\/li>\n<li>Automatic summarization of texts<\/li>\n<li>Automatic analysis of academic, scientific, and professional discourse<\/li>\n<li>Development of\u00a0 text and discourse analysis Tools<\/li>\n<li>Computational analysis of semantic\u00a0relations<\/li>\n<li>Identificaci\u00f3n of text similarities and plagiarism<\/li>\n<li>Educational Artificial intelligence<\/li>\n<\/ul>\n<p>Currently, we are developing a tool to aid students write their thesis. Additionally, we are working, in collaboration\u00a0with the\u00a0<a href=\"http:\/\/www.inf.ucv.cl\/\">Informatics School of PUCV<\/a> and the enterprise\u00a0<a href=\"http:\/\/biopub.cl\">BioPub<\/a>, on a deep\/machine learning and AI software, which aim is to suggest improvements to Life Sciences researchers when writing their scientific articles, called <a href=\"https:\/\/web.writewise.io\/es\/\">WriteWise<\/a>. We collaborate also with <a href=\"https:\/\/www.pucv.cl\/uuaa\/site\/edic\/base\/port\/escuela_de_ingenieria_electrica.html\">Escuela de Ingenier\u00eda El\u00e9ctrica en la PUCV <\/a>\u00a0developing a writting support tools called <a href=\"http:\/\/www.redilegra.com\/Frontend\/#\/\">THOT<\/a><\/p>\n\n\n<p><\/p>\n","protected":false},"excerpt":{"rendered":"<p>El grupo REDILEGRA (Rhetorical-discursive and lexical-grammar analysis group) de la Pontificia Universidad Cat\u00f3lica de Valpara\u00edso, fundado en 2016,\u00a0 es un equipo multidisciplinar de investigaci\u00f3n e innovaci\u00f3n, conformado por acad\u00e9micos y estudiantes de pre y postgrado. El objetivo de Redilegra es ayudar a los escritores a cumplir exitosamente con los requerimientos discursivos y ling\u00fc\u00edsticos de los<a class=\"moretag\" href=\"http:\/\/www.redilegra.com\/index.php\/quienes-somos-who-we-are\/\"><span class=\"screen-reader-text\">Read more about Qui\u00e9nes somos? \/ Who we are?<\/span>[&#8230;]<\/a><\/p>\n","protected":false},"author":2,"featured_media":0,"parent":0,"menu_order":0,"comment_status":"closed","ping_status":"closed","template":"template-fullwidth.php","meta":[],"_links":{"self":[{"href":"http:\/\/www.redilegra.com\/index.php\/wp-json\/wp\/v2\/pages\/199"}],"collection":[{"href":"http:\/\/www.redilegra.com\/index.php\/wp-json\/wp\/v2\/pages"}],"about":[{"href":"http:\/\/www.redilegra.com\/index.php\/wp-json\/wp\/v2\/types\/page"}],"author":[{"embeddable":true,"href":"http:\/\/www.redilegra.com\/index.php\/wp-json\/wp\/v2\/users\/2"}],"replies":[{"embeddable":true,"href":"http:\/\/www.redilegra.com\/index.php\/wp-json\/wp\/v2\/comments?post=199"}],"version-history":[{"count":11,"href":"http:\/\/www.redilegra.com\/index.php\/wp-json\/wp\/v2\/pages\/199\/revisions"}],"predecessor-version":[{"id":422,"href":"http:\/\/www.redilegra.com\/index.php\/wp-json\/wp\/v2\/pages\/199\/revisions\/422"}],"wp:attachment":[{"href":"http:\/\/www.redilegra.com\/index.php\/wp-json\/wp\/v2\/media?parent=199"}],"curies":[{"name":"wp","href":"https:\/\/api.w.org\/{rel}","templated":true}]}}